{"id":1413,"date":"2024-11-04T23:24:08","date_gmt":"2024-11-04T22:24:08","guid":{"rendered":"https:\/\/treutnertattoo.cz\/?page_id=1413"},"modified":"2026-02-18T00:18:39","modified_gmt":"2026-02-17T23:18:39","slug":"animace","status":"publish","type":"page","link":"https:\/\/treutnertattoo.cz\/en\/animace\/","title":{"rendered":"Animation"},"content":{"rendered":"<style>.kb-row-layout-wrap.wp-block-kadence-rowlayout.kb-row-layout-id1413_0e2aa5-a1{margin-top:0px;}.kb-row-layout-id1413_0e2aa5-a1 > .kt-row-column-wrap{align-content:start;}:where(.kb-row-layout-id1413_0e2aa5-a1 > .kt-row-column-wrap) > .wp-block-kadence-column{justify-content:start;}.kb-row-layout-id1413_0e2aa5-a1 > .kt-row-column-wrap{column-gap:var(--global-kb-gap-md, 2rem);row-gap:var(--global-kb-gap-md, 2rem);max-width:1028px;margin-left:auto;margin-right:auto;padding-right:0px;padding-left:0px;grid-template-columns:minmax(0, 1fr);}.kb-row-layout-id1413_0e2aa5-a1{border-top-left-radius:5px;border-top-right-radius:5px;border-bottom-right-radius:5px;border-bottom-left-radius:5px;overflow:clip;isolation:isolate;}.kb-row-layout-id1413_0e2aa5-a1 > .kt-row-layout-overlay{border-top-left-radius:5px;border-top-right-radius:5px;border-bottom-right-radius:5px;border-bottom-left-radius:5px;}.kb-row-layout-id1413_0e2aa5-a1{box-shadow:0px 7px 10px 3px rgba(33, 4, 61, 0.7);}.kb-row-layout-id1413_0e2aa5-a1{background-image:url('https:\/\/treutnertattoo.cz\/wp-content\/uploads\/2024\/10\/LOGO-kocicky-FIALOVa-HTTPS-ikona-pro-vyhedavace-2-1.png');background-size:cover;background-position:51% 86%;background-attachment:fixed;background-repeat:no-repeat;}.kb-row-layout-id1413_0e2aa5-a1 > .kt-row-layout-overlay{opacity:0.50;background-color:var(--global-palette9, #ffffff);mix-blend-mode:normal;}.kb-row-layout-id1413_0e2aa5-a1 ,.kb-row-layout-id1413_0e2aa5-a1 h1,.kb-row-layout-id1413_0e2aa5-a1 h2,.kb-row-layout-id1413_0e2aa5-a1 h3,.kb-row-layout-id1413_0e2aa5-a1 h4,.kb-row-layout-id1413_0e2aa5-a1 h5,.kb-row-layout-id1413_0e2aa5-a1 h6{color:var(--global-palette9, #ffffff);}.kb-row-layout-id1413_0e2aa5-a1 a{color:#9c1544;}.kb-row-layout-id1413_0e2aa5-a1 a:hover{color:var(--global-palette4, #2D3748);}@media all and (max-width: 1024px), only screen and (min-device-width: 1024px) and (max-device-width: 1366px) and (-webkit-min-device-pixel-ratio: 2) and (hover: none){.kb-row-layout-id1413_0e2aa5-a1{background-attachment:scroll;}}@media all and (max-width: 1024px){.kb-row-layout-id1413_0e2aa5-a1 > .kt-row-column-wrap{grid-template-columns:minmax(0, 1fr);}}@media all and (max-width: 767px){.kb-row-layout-id1413_0e2aa5-a1 > .kt-row-column-wrap{padding-right:0px;padding-left:0px;grid-template-columns:minmax(0, 1fr);}}<\/style><div class=\"kb-row-layout-wrap kb-row-layout-id1413_0e2aa5-a1 alignnone kt-row-has-bg kt-jarallax wp-block-kadence-rowlayout\" data-img-position=\"51% 86%\" data-img-size=\"cover\"><div class=\"kt-row-layout-overlay kt-row-overlay-normal\"><\/div><div class=\"kt-row-column-wrap kt-has-1-columns kt-row-layout-equal kt-tab-layout-inherit kt-mobile-layout-row kt-row-valign-top\">\n<style>.kadence-column1413_2ccc8a-0b > .kt-inside-inner-col{display:flex;}.kadence-column1413_2ccc8a-0b > .kt-inside-inner-col{padding-right:var(--global-kb-spacing-xs, 1rem);padding-left:var(--global-kb-spacing-xs, 1rem);}.kadence-column1413_2ccc8a-0b > .kt-inside-inner-col,.kadence-column1413_2ccc8a-0b > .kt-inside-inner-col:before{border-top-left-radius:0px;border-top-right-radius:0px;border-bottom-right-radius:0px;border-bottom-left-radius:0px;}.kadence-column1413_2ccc8a-0b > .kt-inside-inner-col{row-gap:var(--global-kb-gap-sm, 1rem);column-gap:var(--global-kb-gap-sm, 1rem);}.kadence-column1413_2ccc8a-0b > .kt-inside-inner-col{flex-direction:column;}.kadence-column1413_2ccc8a-0b > .kt-inside-inner-col > .aligncenter{width:100%;}.kadence-column1413_2ccc8a-0b > .kt-inside-inner-col:before{opacity:0.3;}.kadence-column1413_2ccc8a-0b{text-align:left;}.kadence-column1413_2ccc8a-0b{z-index:-14;position:relative;}.kadence-column1413_2ccc8a-0b, .kt-inside-inner-col > .kadence-column1413_2ccc8a-0b:not(.specificity){margin-right:var(--global-kb-spacing-5xl, 10rem);margin-left:var(--global-kb-spacing-5xl, 10rem);}@media all and (max-width: 1024px){.kadence-column1413_2ccc8a-0b > .kt-inside-inner-col{flex-direction:column;justify-content:center;}}@media all and (max-width: 1024px){.kadence-column1413_2ccc8a-0b, .kt-inside-inner-col > .kadence-column1413_2ccc8a-0b:not(.specificity){margin-right:var(--global-kb-spacing-xl, 4rem);margin-left:var(--global-kb-spacing-xl, 4rem);}}@media all and (max-width: 767px){.kadence-column1413_2ccc8a-0b, .wp-block-kadence-column.kb-section-dir-horizontal > .kt-inside-inner-col > .kadence-column1413_2ccc8a-0b{flex-grow:143;}.kadence-column1413_2ccc8a-0b > .kt-inside-inner-col{height:100%;min-height:0px;row-gap:var(--global-kb-gap-none, 0rem );flex-direction:column;justify-content:center;}.kadence-column1413_2ccc8a-0b, .kt-inside-inner-col > .kadence-column1413_2ccc8a-0b:not(.specificity){margin-right:var(--global-kb-spacing-xs, 1rem);margin-left:var(--global-kb-spacing-xs, 1rem);}}<\/style>\n<div class=\"wp-block-kadence-column kadence-column1413_2ccc8a-0b\"><div class=\"kt-inside-inner-col\">\n<h2 class=\"wp-block-heading has-text-align-center has-theme-palette-4-color has-text-color has-link-color wp-elements-271588c804fbfba56a3fb749c5a087e0\">Animace<\/h2>\n<\/div><\/div>\n\n<\/div><\/div>\n\n\n<h6 class=\"wp-block-heading has-text-align-center\">Music Videos: Visual Design, Effects, and Animation Work<\/h6>\n\n\n<style>.kb-row-layout-id1413_72413b-ac > .kt-row-column-wrap{align-content:start;}:where(.kb-row-layout-id1413_72413b-ac > .kt-row-column-wrap) > .wp-block-kadence-column{justify-content:start;}.kb-row-layout-id1413_72413b-ac > .kt-row-column-wrap{column-gap:var(--global-kb-gap-md, 2rem);row-gap:var(--global-kb-gap-md, 2rem);max-width:var( --global-content-width, 1400px );padding-left:var(--global-content-edge-padding);padding-right:var(--global-content-edge-padding);padding-right:var(--global-kb-spacing-xxs, 0.5rem);padding-bottom:var(--global-kb-spacing-xxs, 0.5rem);padding-left:var(--global-kb-spacing-xxs, 0.5rem);grid-template-columns:minmax(0, 1fr);}.kb-row-layout-id1413_72413b-ac{border-top-left-radius:5px;border-top-right-radius:5px;border-bottom-right-radius:5px;border-bottom-left-radius:5px;overflow:clip;isolation:isolate;}.kb-row-layout-id1413_72413b-ac > .kt-row-layout-overlay{border-top-left-radius:5px;border-top-right-radius:5px;border-bottom-right-radius:5px;border-bottom-left-radius:5px;}.kb-row-layout-id1413_72413b-ac{box-shadow:0px 7px 10px 3px rgba(33, 4, 61, 0.7);}.kb-row-layout-id1413_72413b-ac{background-image:url('https:\/\/treutnertattoo.cz\/wp-content\/uploads\/2024\/11\/jpeg-optimizer_pozadi-webu-coch-zahlavi-scaled.jpeg');background-size:cover;background-position:50% 50%;background-attachment:scroll;background-repeat:no-repeat;}.kb-row-layout-id1413_72413b-ac > .kt-row-layout-overlay{opacity:0.30;mix-blend-mode:normal;}@media all and (max-width: 1024px){.kb-row-layout-id1413_72413b-ac > .kt-row-column-wrap{grid-template-columns:minmax(0, 1fr);}}@media all and (max-width: 767px){.kb-row-layout-id1413_72413b-ac > .kt-row-column-wrap{row-gap:var(--global-kb-gap-md, 2rem);grid-template-columns:minmax(0, 1fr);}}<\/style><div class=\"kb-row-layout-wrap kb-row-layout-id1413_72413b-ac alignnone kt-row-has-bg wp-block-kadence-rowlayout\"><div class=\"kt-row-column-wrap kt-has-1-columns kt-row-layout-equal kt-tab-layout-inherit kt-mobile-layout-row kt-row-valign-top kb-theme-content-width\">\n<style>.kadence-column1413_a6230b-11 > .kt-inside-inner-col,.kadence-column1413_a6230b-11 > .kt-inside-inner-col:before{border-top-left-radius:0px;border-top-right-radius:0px;border-bottom-right-radius:0px;border-bottom-left-radius:0px;}.kadence-column1413_a6230b-11 > .kt-inside-inner-col{column-gap:var(--global-kb-gap-sm, 1rem);}.kadence-column1413_a6230b-11 > .kt-inside-inner-col{flex-direction:column;}.kadence-column1413_a6230b-11 > .kt-inside-inner-col > .aligncenter{width:100%;}.kadence-column1413_a6230b-11 > .kt-inside-inner-col:before{opacity:0.3;}.kadence-column1413_a6230b-11{position:relative;}@media all and (max-width: 1024px){.kadence-column1413_a6230b-11 > .kt-inside-inner-col{flex-direction:column;justify-content:center;}}@media all and (max-width: 767px){.kadence-column1413_a6230b-11 > .kt-inside-inner-col{flex-direction:column;justify-content:center;}}<\/style>\n<div class=\"wp-block-kadence-column kadence-column1413_a6230b-11\"><div class=\"kt-inside-inner-col\">\n<figure class=\"wp-block-embed is-type-video is-provider-youtube wp-block-embed-youtube wp-embed-aspect-16-9 wp-has-aspect-ratio\"><div class=\"wp-block-embed__wrapper\">\n<iframe loading=\"lazy\" title=\"\u0158\u00c1HOL ft. WALRUS &amp; SENSEY - ZAVOLEJ MI prod. Greensch (OFF. VIDEO)\" width=\"720\" height=\"405\" src=\"https:\/\/www.youtube.com\/embed\/dK4hYMfD9t8?feature=oembed\" frameborder=\"0\" allow=\"accelerometer; autoplay; clipboard-write; encrypted-media; gyroscope; picture-in-picture; web-share\" referrerpolicy=\"strict-origin-when-cross-origin\" allowfullscreen><\/iframe>\n<\/div><\/figure>\n\n\n\n<figure class=\"wp-block-embed is-type-video is-provider-youtube wp-block-embed-youtube wp-embed-aspect-16-9 wp-has-aspect-ratio\"><div class=\"wp-block-embed__wrapper\">\n<iframe loading=\"lazy\" title=\"PASR - KokaKola feat. \u0158\u00c1HOL ONE (prod. TOMEK)\" width=\"720\" height=\"405\" src=\"https:\/\/www.youtube.com\/embed\/L802_kPEGcM?feature=oembed\" frameborder=\"0\" allow=\"accelerometer; autoplay; clipboard-write; encrypted-media; gyroscope; picture-in-picture; web-share\" referrerpolicy=\"strict-origin-when-cross-origin\" allowfullscreen><\/iframe>\n<\/div><\/figure>\n<\/div><\/div>\n\n<\/div><\/div>\n\n<style>.kb-row-layout-id1413_204bf4-b8 > .kt-row-column-wrap{align-content:start;}:where(.kb-row-layout-id1413_204bf4-b8 > .kt-row-column-wrap) > .wp-block-kadence-column{justify-content:start;}.kb-row-layout-id1413_204bf4-b8 > .kt-row-column-wrap{column-gap:var(--global-kb-gap-md, 2rem);row-gap:var(--global-kb-gap-md, 2rem);max-width:var( --global-content-width, 1400px );padding-left:var(--global-content-edge-padding);padding-right:var(--global-content-edge-padding);padding-right:var(--global-kb-spacing-xxs, 0.5rem);padding-bottom:var(--global-kb-spacing-xxs, 0.5rem);padding-left:var(--global-kb-spacing-xxs, 0.5rem);grid-template-columns:minmax(0, 1fr);}.kb-row-layout-id1413_204bf4-b8{border-top-left-radius:5px;border-top-right-radius:5px;border-bottom-right-radius:5px;border-bottom-left-radius:5px;overflow:clip;isolation:isolate;}.kb-row-layout-id1413_204bf4-b8 > .kt-row-layout-overlay{border-top-left-radius:5px;border-top-right-radius:5px;border-bottom-right-radius:5px;border-bottom-left-radius:5px;}.kb-row-layout-id1413_204bf4-b8{box-shadow:0px 7px 10px 3px rgba(33, 4, 61, 0.7);}.kb-row-layout-id1413_204bf4-b8{background-image:url('https:\/\/treutnertattoo.cz\/wp-content\/uploads\/2024\/11\/jpeg-optimizer_pozadi-webu-coch-zahlavi-scaled.jpeg');background-size:cover;background-position:50% 50%;background-attachment:scroll;background-repeat:no-repeat;}.kb-row-layout-id1413_204bf4-b8 > .kt-row-layout-overlay{opacity:0.30;mix-blend-mode:normal;}@media all and (max-width: 1024px){.kb-row-layout-id1413_204bf4-b8 > .kt-row-column-wrap{grid-template-columns:minmax(0, 1fr);}}@media all and (max-width: 767px){.kb-row-layout-id1413_204bf4-b8 > .kt-row-column-wrap{row-gap:var(--global-kb-gap-md, 2rem);grid-template-columns:minmax(0, 1fr);}}<\/style><div class=\"kb-row-layout-wrap kb-row-layout-id1413_204bf4-b8 alignnone kt-row-has-bg wp-block-kadence-rowlayout\"><div class=\"kt-row-column-wrap kt-has-1-columns kt-row-layout-equal kt-tab-layout-inherit kt-mobile-layout-row kt-row-valign-top kb-theme-content-width\">\n<style>.kadence-column1413_28d3a5-da > .kt-inside-inner-col,.kadence-column1413_28d3a5-da > .kt-inside-inner-col:before{border-top-left-radius:0px;border-top-right-radius:0px;border-bottom-right-radius:0px;border-bottom-left-radius:0px;}.kadence-column1413_28d3a5-da > .kt-inside-inner-col{column-gap:var(--global-kb-gap-sm, 1rem);}.kadence-column1413_28d3a5-da > .kt-inside-inner-col{flex-direction:column;}.kadence-column1413_28d3a5-da > .kt-inside-inner-col > .aligncenter{width:100%;}.kadence-column1413_28d3a5-da > .kt-inside-inner-col:before{opacity:0.3;}.kadence-column1413_28d3a5-da{position:relative;}@media all and (max-width: 1024px){.kadence-column1413_28d3a5-da > .kt-inside-inner-col{flex-direction:column;justify-content:center;}}@media all and (max-width: 767px){.kadence-column1413_28d3a5-da > .kt-inside-inner-col{flex-direction:column;justify-content:center;}}<\/style>\n<div class=\"wp-block-kadence-column kadence-column1413_28d3a5-da\"><div class=\"kt-inside-inner-col\">\n<figure class=\"wp-block-embed is-type-video is-provider-youtube wp-block-embed-youtube wp-embed-aspect-16-9 wp-has-aspect-ratio\"><div class=\"wp-block-embed__wrapper\">\n<iframe loading=\"lazy\" title=\"STORY of TATTOO\" width=\"720\" height=\"405\" src=\"https:\/\/www.youtube.com\/embed\/uXlzFQ9_TfA?feature=oembed\" frameborder=\"0\" allow=\"accelerometer; autoplay; clipboard-write; encrypted-media; gyroscope; picture-in-picture; web-share\" referrerpolicy=\"strict-origin-when-cross-origin\" allowfullscreen><\/iframe>\n<\/div><\/figure>\n\n\n\n<figure class=\"wp-block-embed is-type-video is-provider-youtube wp-block-embed-youtube wp-embed-aspect-16-9 wp-has-aspect-ratio\"><div class=\"wp-block-embed__wrapper\">\n<iframe loading=\"lazy\" title=\"islets of nature\" width=\"720\" height=\"405\" src=\"https:\/\/www.youtube.com\/embed\/QU5ihDUVOZA?start=4&#038;feature=oembed\" frameborder=\"0\" allow=\"accelerometer; autoplay; clipboard-write; encrypted-media; gyroscope; picture-in-picture; web-share\" referrerpolicy=\"strict-origin-when-cross-origin\" allowfullscreen><\/iframe>\n<\/div><\/figure>\n\n\n\n<figure class=\"wp-block-embed is-type-video is-provider-youtube wp-block-embed-youtube wp-embed-aspect-16-9 wp-has-aspect-ratio\"><div class=\"wp-block-embed__wrapper\">\n<iframe loading=\"lazy\" title=\"CAT DREAM :=3\" width=\"720\" height=\"405\" src=\"https:\/\/www.youtube.com\/embed\/l64cYHG6_ac?feature=oembed\" frameborder=\"0\" allow=\"accelerometer; autoplay; clipboard-write; encrypted-media; gyroscope; picture-in-picture; web-share\" referrerpolicy=\"strict-origin-when-cross-origin\" allowfullscreen><\/iframe>\n<\/div><\/figure>\n<\/div><\/div>\n\n<\/div><\/div>","protected":false},"excerpt":{"rendered":"<p>Animace Videoklipy kde jsem d\u011blal vizu\u00e1l, efekty, animaci<\/p>","protected":false},"author":1,"featured_media":1947,"parent":0,"menu_order":0,"comment_status":"closed","ping_status":"closed","template":"","meta":{"_kadence_starter_templates_imported_post":false,"_kad_post_transparent":"","_kad_post_title":"","_kad_post_layout":"normal","_kad_post_sidebar_id":"","_kad_post_content_style":"","_kad_post_vertical_padding":"","_kad_post_feature":"","_kad_post_feature_position":"","_kad_post_header":false,"_kad_post_footer":false,"_kad_post_classname":"","footnotes":""},"class_list":["post-1413","page","type-page","status-publish","has-post-thumbnail","hentry"],"yoast_head":"<!-- This site is optimized with the Yoast SEO plugin v27.5 - https:\/\/yoast.com\/product\/yoast-seo-wordpress\/ -->\n<title>Animace - Josef Treutner<\/title>\n<meta name=\"description\" content=\"Hr\u00e1tky s animac\u00ed a vizu\u00e1ln\u00edmi efekty, kter\u00e9 dod\u00e1vaj\u00ed vide\u00edm \u0161mrnc a o\u017eiven\u00ed. Ka\u017ed\u00fd projekt je origin\u00e1l s vlastn\u00edm p\u0159\u00edb\u011bhem a atmosf\u00e9rou.\" \/>\n<meta name=\"robots\" content=\"index, follow, max-snippet:-1, max-image-preview:large, max-video-preview:-1\" \/>\n<link rel=\"canonical\" href=\"https:\/\/treutnertattoo.cz\/en\/animace\/\" \/>\n<meta property=\"og:locale\" content=\"en_GB\" \/>\n<meta property=\"og:type\" content=\"article\" \/>\n<meta property=\"og:title\" content=\"Animace - Josef Treutner\" \/>\n<meta property=\"og:description\" content=\"Hr\u00e1tky s animac\u00ed a vizu\u00e1ln\u00edmi efekty, kter\u00e9 dod\u00e1vaj\u00ed vide\u00edm \u0161mrnc a o\u017eiven\u00ed. Ka\u017ed\u00fd projekt je origin\u00e1l s vlastn\u00edm p\u0159\u00edb\u011bhem a atmosf\u00e9rou.\" \/>\n<meta property=\"og:url\" content=\"https:\/\/treutnertattoo.cz\/en\/animace\/\" \/>\n<meta property=\"og:site_name\" content=\"TreutnerTATTOO\" \/>\n<meta property=\"article:publisher\" content=\"https:\/\/www.facebook.com\/josef.treutner\/\" \/>\n<meta property=\"article:modified_time\" content=\"2026-02-17T23:18:39+00:00\" \/>\n<meta property=\"og:image\" content=\"https:\/\/treutnertattoo.cz\/wp-content\/uploads\/2024\/11\/KOKOLA-.SCREEN-animace.jpg\" \/>\n\t<meta property=\"og:image:width\" content=\"961\" \/>\n\t<meta property=\"og:image:height\" content=\"512\" \/>\n\t<meta property=\"og:image:type\" content=\"image\/jpeg\" \/>\n<meta name=\"twitter:card\" content=\"summary_large_image\" \/>\n<meta name=\"twitter:label1\" content=\"Estimated reading time\" \/>\n\t<meta name=\"twitter:data1\" content=\"1 minute\" \/>\n<script type=\"application\/ld+json\" class=\"yoast-schema-graph\">{\"@context\":\"https:\\\/\\\/schema.org\",\"@graph\":[{\"@type\":\"WebPage\",\"@id\":\"https:\\\/\\\/treutnertattoo.cz\\\/animace\\\/\",\"url\":\"https:\\\/\\\/treutnertattoo.cz\\\/animace\\\/\",\"name\":\"Animace - Josef Treutner\",\"isPartOf\":{\"@id\":\"https:\\\/\\\/treutnertattoo.cz\\\/#website\"},\"primaryImageOfPage\":{\"@id\":\"https:\\\/\\\/treutnertattoo.cz\\\/animace\\\/#primaryimage\"},\"image\":{\"@id\":\"https:\\\/\\\/treutnertattoo.cz\\\/animace\\\/#primaryimage\"},\"thumbnailUrl\":\"https:\\\/\\\/treutnertattoo.cz\\\/wp-content\\\/uploads\\\/2024\\\/11\\\/KOKOLA-.SCREEN-animace.jpg\",\"datePublished\":\"2024-11-04T22:24:08+00:00\",\"dateModified\":\"2026-02-17T23:18:39+00:00\",\"description\":\"Hr\u00e1tky s animac\u00ed a vizu\u00e1ln\u00edmi efekty, kter\u00e9 dod\u00e1vaj\u00ed vide\u00edm \u0161mrnc a o\u017eiven\u00ed. Ka\u017ed\u00fd projekt je origin\u00e1l s vlastn\u00edm p\u0159\u00edb\u011bhem a atmosf\u00e9rou.\",\"breadcrumb\":{\"@id\":\"https:\\\/\\\/treutnertattoo.cz\\\/animace\\\/#breadcrumb\"},\"inLanguage\":\"en-GB\",\"potentialAction\":[{\"@type\":\"ReadAction\",\"target\":[\"https:\\\/\\\/treutnertattoo.cz\\\/animace\\\/\"]}]},{\"@type\":\"ImageObject\",\"inLanguage\":\"en-GB\",\"@id\":\"https:\\\/\\\/treutnertattoo.cz\\\/animace\\\/#primaryimage\",\"url\":\"https:\\\/\\\/treutnertattoo.cz\\\/wp-content\\\/uploads\\\/2024\\\/11\\\/KOKOLA-.SCREEN-animace.jpg\",\"contentUrl\":\"https:\\\/\\\/treutnertattoo.cz\\\/wp-content\\\/uploads\\\/2024\\\/11\\\/KOKOLA-.SCREEN-animace.jpg\",\"width\":961,\"height\":512,\"caption\":\"screen z videoklipu produkce Josefa Treutnera\"},{\"@type\":\"BreadcrumbList\",\"@id\":\"https:\\\/\\\/treutnertattoo.cz\\\/animace\\\/#breadcrumb\",\"itemListElement\":[{\"@type\":\"ListItem\",\"position\":1,\"name\":\"Dom\u016f\",\"item\":\"https:\\\/\\\/treutnertattoo.cz\\\/\"},{\"@type\":\"ListItem\",\"position\":2,\"name\":\"animace\"}]},{\"@type\":\"WebSite\",\"@id\":\"https:\\\/\\\/treutnertattoo.cz\\\/#website\",\"url\":\"https:\\\/\\\/treutnertattoo.cz\\\/\",\"name\":\"TreutnerTATTOO\",\"description\":\"kreativn\u00ed tetov\u00e1n\u00ed Blansko\",\"publisher\":{\"@id\":\"https:\\\/\\\/treutnertattoo.cz\\\/#organization\"},\"potentialAction\":[{\"@type\":\"SearchAction\",\"target\":{\"@type\":\"EntryPoint\",\"urlTemplate\":\"https:\\\/\\\/treutnertattoo.cz\\\/?s={search_term_string}\"},\"query-input\":{\"@type\":\"PropertyValueSpecification\",\"valueRequired\":true,\"valueName\":\"search_term_string\"}}],\"inLanguage\":\"en-GB\"},{\"@type\":\"Organization\",\"@id\":\"https:\\\/\\\/treutnertattoo.cz\\\/#organization\",\"name\":\"TreutnerTATTOO\",\"url\":\"https:\\\/\\\/treutnertattoo.cz\\\/\",\"logo\":{\"@type\":\"ImageObject\",\"inLanguage\":\"en-GB\",\"@id\":\"https:\\\/\\\/treutnertattoo.cz\\\/#\\\/schema\\\/logo\\\/image\\\/\",\"url\":\"https:\\\/\\\/treutnertattoo.cz\\\/wp-content\\\/uploads\\\/2024\\\/10\\\/LOGO-kocicky-SYTa-FIALOVa-WEB-T-.png\",\"contentUrl\":\"https:\\\/\\\/treutnertattoo.cz\\\/wp-content\\\/uploads\\\/2024\\\/10\\\/LOGO-kocicky-SYTa-FIALOVa-WEB-T-.png\",\"width\":600,\"height\":600,\"caption\":\"TreutnerTATTOO\"},\"image\":{\"@id\":\"https:\\\/\\\/treutnertattoo.cz\\\/#\\\/schema\\\/logo\\\/image\\\/\"},\"sameAs\":[\"https:\\\/\\\/www.facebook.com\\\/josef.treutner\\\/\",\"https:\\\/\\\/www.instagram.com\\\/treutnertattoo\\\/\",\"https:\\\/\\\/www.youtube.com\\\/@treutner\",\"https:\\\/\\\/open.spotify.com\\\/artist\\\/6HlIfei9lZmumTpOXgzeCC\"]}]}<\/script>\n<!-- \/ Yoast SEO plugin. -->","yoast_head_json":{"title":"Animace - Josef Treutner","description":"Hr\u00e1tky s animac\u00ed a vizu\u00e1ln\u00edmi efekty, kter\u00e9 dod\u00e1vaj\u00ed vide\u00edm \u0161mrnc a o\u017eiven\u00ed. Ka\u017ed\u00fd projekt je origin\u00e1l s vlastn\u00edm p\u0159\u00edb\u011bhem a atmosf\u00e9rou.","robots":{"index":"index","follow":"follow","max-snippet":"max-snippet:-1","max-image-preview":"max-image-preview:large","max-video-preview":"max-video-preview:-1"},"canonical":"https:\/\/treutnertattoo.cz\/en\/animace\/","og_locale":"en_GB","og_type":"article","og_title":"Animace - Josef Treutner","og_description":"Hr\u00e1tky s animac\u00ed a vizu\u00e1ln\u00edmi efekty, kter\u00e9 dod\u00e1vaj\u00ed vide\u00edm \u0161mrnc a o\u017eiven\u00ed. Ka\u017ed\u00fd projekt je origin\u00e1l s vlastn\u00edm p\u0159\u00edb\u011bhem a atmosf\u00e9rou.","og_url":"https:\/\/treutnertattoo.cz\/en\/animace\/","og_site_name":"TreutnerTATTOO","article_publisher":"https:\/\/www.facebook.com\/josef.treutner\/","article_modified_time":"2026-02-17T23:18:39+00:00","og_image":[{"width":961,"height":512,"url":"https:\/\/treutnertattoo.cz\/wp-content\/uploads\/2024\/11\/KOKOLA-.SCREEN-animace.jpg","type":"image\/jpeg"}],"twitter_card":"summary_large_image","twitter_misc":{"Estimated reading time":"1 minute"},"schema":{"@context":"https:\/\/schema.org","@graph":[{"@type":"WebPage","@id":"https:\/\/treutnertattoo.cz\/animace\/","url":"https:\/\/treutnertattoo.cz\/animace\/","name":"Animace - Josef Treutner","isPartOf":{"@id":"https:\/\/treutnertattoo.cz\/#website"},"primaryImageOfPage":{"@id":"https:\/\/treutnertattoo.cz\/animace\/#primaryimage"},"image":{"@id":"https:\/\/treutnertattoo.cz\/animace\/#primaryimage"},"thumbnailUrl":"https:\/\/treutnertattoo.cz\/wp-content\/uploads\/2024\/11\/KOKOLA-.SCREEN-animace.jpg","datePublished":"2024-11-04T22:24:08+00:00","dateModified":"2026-02-17T23:18:39+00:00","description":"Hr\u00e1tky s animac\u00ed a vizu\u00e1ln\u00edmi efekty, kter\u00e9 dod\u00e1vaj\u00ed vide\u00edm \u0161mrnc a o\u017eiven\u00ed. Ka\u017ed\u00fd projekt je origin\u00e1l s vlastn\u00edm p\u0159\u00edb\u011bhem a atmosf\u00e9rou.","breadcrumb":{"@id":"https:\/\/treutnertattoo.cz\/animace\/#breadcrumb"},"inLanguage":"en-GB","potentialAction":[{"@type":"ReadAction","target":["https:\/\/treutnertattoo.cz\/animace\/"]}]},{"@type":"ImageObject","inLanguage":"en-GB","@id":"https:\/\/treutnertattoo.cz\/animace\/#primaryimage","url":"https:\/\/treutnertattoo.cz\/wp-content\/uploads\/2024\/11\/KOKOLA-.SCREEN-animace.jpg","contentUrl":"https:\/\/treutnertattoo.cz\/wp-content\/uploads\/2024\/11\/KOKOLA-.SCREEN-animace.jpg","width":961,"height":512,"caption":"screen z videoklipu produkce Josefa Treutnera"},{"@type":"BreadcrumbList","@id":"https:\/\/treutnertattoo.cz\/animace\/#breadcrumb","itemListElement":[{"@type":"ListItem","position":1,"name":"Dom\u016f","item":"https:\/\/treutnertattoo.cz\/"},{"@type":"ListItem","position":2,"name":"animace"}]},{"@type":"WebSite","@id":"https:\/\/treutnertattoo.cz\/#website","url":"https:\/\/treutnertattoo.cz\/","name":"TreutnerTATTOO","description":"creative ink Blansko","publisher":{"@id":"https:\/\/treutnertattoo.cz\/#organization"},"potentialAction":[{"@type":"SearchAction","target":{"@type":"EntryPoint","urlTemplate":"https:\/\/treutnertattoo.cz\/?s={search_term_string}"},"query-input":{"@type":"PropertyValueSpecification","valueRequired":true,"valueName":"search_term_string"}}],"inLanguage":"en-GB"},{"@type":"Organization","@id":"https:\/\/treutnertattoo.cz\/#organization","name":"TreutnerTATTOO","url":"https:\/\/treutnertattoo.cz\/","logo":{"@type":"ImageObject","inLanguage":"en-GB","@id":"https:\/\/treutnertattoo.cz\/#\/schema\/logo\/image\/","url":"https:\/\/treutnertattoo.cz\/wp-content\/uploads\/2024\/10\/LOGO-kocicky-SYTa-FIALOVa-WEB-T-.png","contentUrl":"https:\/\/treutnertattoo.cz\/wp-content\/uploads\/2024\/10\/LOGO-kocicky-SYTa-FIALOVa-WEB-T-.png","width":600,"height":600,"caption":"TreutnerTATTOO"},"image":{"@id":"https:\/\/treutnertattoo.cz\/#\/schema\/logo\/image\/"},"sameAs":["https:\/\/www.facebook.com\/josef.treutner\/","https:\/\/www.instagram.com\/treutnertattoo\/","https:\/\/www.youtube.com\/@treutner","https:\/\/open.spotify.com\/artist\/6HlIfei9lZmumTpOXgzeCC"]}]}},"_links":{"self":[{"href":"https:\/\/treutnertattoo.cz\/en\/wp-json\/wp\/v2\/pages\/1413","targetHints":{"allow":["GET"]}}],"collection":[{"href":"https:\/\/treutnertattoo.cz\/en\/wp-json\/wp\/v2\/pages"}],"about":[{"href":"https:\/\/treutnertattoo.cz\/en\/wp-json\/wp\/v2\/types\/page"}],"author":[{"embeddable":true,"href":"https:\/\/treutnertattoo.cz\/en\/wp-json\/wp\/v2\/users\/1"}],"replies":[{"embeddable":true,"href":"https:\/\/treutnertattoo.cz\/en\/wp-json\/wp\/v2\/comments?post=1413"}],"version-history":[{"count":7,"href":"https:\/\/treutnertattoo.cz\/en\/wp-json\/wp\/v2\/pages\/1413\/revisions"}],"predecessor-version":[{"id":2152,"href":"https:\/\/treutnertattoo.cz\/en\/wp-json\/wp\/v2\/pages\/1413\/revisions\/2152"}],"wp:featuredmedia":[{"embeddable":true,"href":"https:\/\/treutnertattoo.cz\/en\/wp-json\/wp\/v2\/media\/1947"}],"wp:attachment":[{"href":"https:\/\/treutnertattoo.cz\/en\/wp-json\/wp\/v2\/media?parent=1413"}],"curies":[{"name":"wp","href":"https:\/\/api.w.org\/{rel}","templated":true}]}}